{"id":3795,"date":"2021-09-24T09:05:49","date_gmt":"2021-09-24T07:05:49","guid":{"rendered":"https:\/\/www.stiftung-wissenwecken.org\/hinweise-zum-datenschutz\/"},"modified":"2022-10-20T22:01:30","modified_gmt":"2022-10-20T20:01:30","slug":"hinweise-zum-datenschutz","status":"publish","type":"page","link":"https:\/\/www.stiftung-wissenwecken.org\/en\/hinweise-zum-datenschutz\/","title":{"rendered":"Hinweise zum Datenschutz"},"content":{"rendered":"\n<style type=\"text\/css\" data-created_by=\"avia_inline_auto\" id=\"style-css-av-k67zrl44-d063235fb03d36d94a8fe5c227891117\">\n.avia-section.av-k67zrl44-d063235fb03d36d94a8fe5c227891117{\nbackground-color:#f8f8f8;\nbackground-image:unset;\n}\n<\/style>\n<div id='av_section_1'  class='avia-section av-k67zrl44-d063235fb03d36d94a8fe5c227891117 main_color avia-section-default avia-no-border-styling  avia-builder-el-0  avia-builder-el-no-sibling  avia-bg-style-scroll container_wrap fullsize'  ><div class='container av-section-cont-open' ><main  role=\"main\" itemprop=\"mainContentOfPage\"  class='template-page content  av-content-full alpha units'><div class='post-entry post-entry-type-page post-entry-3795'><div class='entry-content-wrapper clearfix'>\n\n<style type=\"text\/css\" data-created_by=\"avia_inline_auto\" id=\"style-css-av-uf01-3d29b5942689b3343d51f4a5d61ae81e\">\n.flex_column.av-uf01-3d29b5942689b3343d51f4a5d61ae81e{\nborder-radius:0px 0px 0px 0px;\npadding:20px 20px 20px 20px;\n}\n<\/style>\n<div  class='flex_column av-uf01-3d29b5942689b3343d51f4a5d61ae81e av_two_third  avia-builder-el-1  avia-builder-el-no-sibling  first flex_column_div  '     ><p>\n<style type=\"text\/css\" data-created_by=\"avia_inline_auto\" id=\"style-css-av-l9hho1mg-c21b7278a761ef0b3d71be884589a177\">\n#top .av-special-heading.av-l9hho1mg-c21b7278a761ef0b3d71be884589a177{\nmargin:60px 60px 0 0;\npadding-bottom:30px;\n}\nbody .av-special-heading.av-l9hho1mg-c21b7278a761ef0b3d71be884589a177 .av-special-heading-tag .heading-char{\nfont-size:25px;\n}\n.av-special-heading.av-l9hho1mg-c21b7278a761ef0b3d71be884589a177 .av-subheading{\nfont-size:15px;\n}\n<\/style>\n<div  class='av-special-heading av-l9hho1mg-c21b7278a761ef0b3d71be884589a177 av-special-heading-h2 custom-color-heading blockquote modern-quote  avia-builder-el-2  el_before_av_textblock  avia-builder-el-first '><h2 class='av-special-heading-tag '  itemprop=\"headline\"  >Hinweise zum Datenschutz<\/h2><div class=\"special-heading-border\"><div class=\"special-heading-inner-border\"><\/div><\/div><\/div><br \/>\n<section  class='av_textblock_section av-kikkrgnr-4ab6a353599164665cc1126e3841912f '   itemscope=\"itemscope\" itemtype=\"https:\/\/schema.org\/CreativeWork\" ><div class='avia_textblock'  itemprop=\"text\" ><p>Wir freuen uns \u00fcber Ihren Besuch auf unserer Webseite. Der Schutz Ihrer personenbezogenen Daten ist uns ein wichtiges Anliegen. Mit diesen Hinweisen informieren wir Sie \u00fcber die Erhebung und Verarbeitung Ihrer personenbezogenen Daten.<\/p>\n<p><strong>1. Rechtsgrundlage<\/strong><\/p>\n<p>Die Stiftung WissenWecken gGmbH verarbeitet die von Ihnen angegebenen personenbezogenen Daten auf der Grundlage des Art. 6 Absatz 1 Satz 1 Buchstaben a), b) und f) der Verordnung EU 2016\/679 vom 27.4.2016 (EU Datenschutz-Grundverordnung) sowie des Bundesdatenschutzgesetzes (BDSG).<\/p>\n<p><strong>2. Kontaktaufnahme per E-Mail oder Kontaktformular<\/strong><\/p>\n<p>Bei Ihrer Kontaktaufnahme mit uns per E-Mail oder \u00fcber ein Kontaktformular werden die von Ihnen mitgeteilten Daten (Name, Adresse, E-Mail-Adresse, Telefonnummer) von uns gespeichert, um Ihre Fragen zu beantworten (Art. 6 Abs. 1 Satz 1 Buchst. b) DSGVO. Soweit wir \u00fcber unser Kontaktformular Eingaben abfragen, die nicht f\u00fcr eine Kontaktaufnahme erforderlich sind, haben wir diese stets als optional gekennzeichnet. Diese Angaben dienen uns zur Konkretisierung Ihrer Anfrage und zur verbesserten Abwicklung Ihres Anliegens. Eine Mitteilung dieser Angaben erfolgt ausdr\u00fccklich auf freiwilliger Basis und mit Ihrer Einwilligung, Art. 6 Abs.1 Satz 1 Buchst. a) DSGVO. Soweit es sich hierbei um Angaben zu Kommunikationskan\u00e4len (beispielsweise E-Mail-Adresse, Telefonnummer) handelt, willigen Sie au\u00dferdem ein, dass wir Sie ggf. auch \u00fcber diesen Kommunikationskanal kontaktieren, um Ihr Anliegen zu beantworten. Diese Einwilligung k\u00f6nnen Sie selbstverst\u00e4ndlich jederzeit f\u00fcr die Zukunft widerrufen. Um unser berechtigtes Interesse wahrzunehmen (Art. 6 Abs. 1 Satz 1 Buchst. f) DSGVO), nutzen wir Ihre personenbezogenen Daten auch, um Sie postalisch \u00fcber neue Projekte, Produkte, Angebote zu informieren.<\/p>\n<p><strong>3. Datenweitergabe<\/strong><\/p>\n<p>Ihre personenbezogenen Daten werden von uns nicht an Dritte weitergegeben, sofern Sie uns keine ausdr\u00fcckliche Einwilligung erteilt haben (Art. 6 Abs. 1 Satz 1 Buchst. a) DSGVO), wir nicht in Einzelf\u00e4llen zur Weitergabe rechtlich verpflichtet sind (Art. 6 Abs. 1 Satz 1 Buchst. c) DSGVO) oder es zur Geltendmachung, Aus\u00fcbung oder Verteidigung von Rechtsanspr\u00fcchen erforderlich ist und kein Grund zur Annahme besteht, dass Sie ein \u00fcberwiegendes schutzw\u00fcrdiges Interesse an der Nichtweitergabe Ihrer Daten haben (Art. 6 Abs. 1 Satz 1 Buchst. f) DSGVO).<\/p>\n<p><strong>4. Speicherdauer<\/strong><\/p>\n<p>Daten, die aufgrund steuer- und handelsrechtlicher Vorschriften einer zehnj\u00e4hrigen Aufbewahrungspflicht unterliegen, werden f\u00fcr diesen Zeitraum gespeichert. Wir werden Ihre personenbezogenen Daten unverz\u00fcglich nach Ablauf der vom Gesetzgeber erlassenen Aufbewahrungspflichten und -fristen l\u00f6schen, sofern der mit der Verarbeitung verfolgte Zweck erreicht ist.<\/p>\n<p><strong>5. Ihre Rechte<\/strong><\/p>\n<p>Sie haben das Recht, jederzeit Auskunft zu den \u00fcber Sie gespeicherten Daten zu erhalten. Sofern Sie personenbezogene Daten bereitgestellt haben, k\u00f6nnen Sie die \u00dcbermittlung in einem strukturierten, g\u00e4ngigen und maschinenlesbaren Format verlangen.<\/p>\n<p><strong>6. Cookies<\/strong><\/p>\n<p>Auf unserer Website werden nur Cookies eingesetzt, die die Funktionsf\u00e4higkeit der Seite gew\u00e4hrleisten. Der Einsatz dieser Cookies beruht auf der Grundlage des Art. 6 Abs. 1 Satz 1 Buchst. f DSGVO.<\/p>\n<p><strong>7. Verantwortlicher f\u00fcr die Datenverarbeitung<\/strong><\/p>\n<p>Sie k\u00f6nnen jederzeit die Korrektur oder die L\u00f6schung Ihrer Daten verlangen, sofern f\u00fcr Letzteres keine gesetzlichen Aufbewahrungspflichten und -fristen bestehen oder diese nicht mehr bestehen (siehe Ziffer 5.). Falls Sie der Verarbeitung von Daten widersprechen wollen, oder bei sonstigen Fragen zum Datenschutz wenden Sie sich an folgende Kontaktperson:<\/p>\n<p>Dr. Laura Breitsameter<br \/>\nManaging Director<\/p>\n<p>Stiftung WissenWecken gGmbH<br \/>\nAm Gartetalbahnhof 6 | 37073 G\u00f6ttingen<br \/>\nE-mail: <a href=\"javascript:DeCryptX('0l200b1s3h1j3w1t0a2o2g0t0e1s3C2u2v2k0f3w3x1o0g301x1j1t2u0e1o3z0e2e1l1f3q313r0r0g')\">&#108;&#46;br&#101;it&#115;a&#109;&#101;&#116;&#101;&#114;&#64;&#115;t&#105;&#102;t&#117;ng-wis&#115;&#101;n&#119;e&#99;&#107;&#101;n.&#111;&#114;&#103;<\/a><br \/>\nPhone: +49 175 15 03001<\/p>\n<p><strong>8. Recht auf Beschwerde<\/strong><\/p>\n<p>Daneben steht Ihnen ein Beschwerderecht bei einer Aufsichtsbeh\u00f6rde zu. Die zust\u00e4ndige Aufsichtsbeh\u00f6rde ist der Landesbeauftragte f\u00fcr den Datenschutz Niedersachsen, Prinzenstra\u00dfe 5, 30159 Hannover.<\/p>\n<p>Dezember 2020<\/p>\n<\/div><\/section><\/p><\/div>\n","protected":false},"excerpt":{"rendered":"","protected":false},"author":1,"featured_media":0,"parent":0,"menu_order":0,"comment_status":"closed","ping_status":"closed","template":"","meta":{"inline_featured_image":false,"footnotes":""},"class_list":["post-3795","page","type-page","status-publish","hentry"],"yoast_head":"<!-- This site is optimized with the Yoast SEO plugin v25.8 - https:\/\/yoast.com\/wordpress\/plugins\/seo\/ -->\n<title>Hinweise zum Datenschutz - Wissenwecken Stiftung<\/title>\n<meta name=\"robots\" content=\"index, follow, max-snippet:-1, max-image-preview:large, max-video-preview:-1\" \/>\n<link rel=\"canonical\" href=\"https:\/\/www.stiftung-wissenwecken.org\/en\/hinweise-zum-datenschutz\/\" \/>\n<meta property=\"og:locale\" content=\"en_US\" \/>\n<meta property=\"og:type\" content=\"article\" \/>\n<meta property=\"og:title\" content=\"Hinweise zum Datenschutz - Wissenwecken Stiftung\" \/>\n<meta property=\"og:url\" content=\"https:\/\/www.stiftung-wissenwecken.org\/en\/hinweise-zum-datenschutz\/\" \/>\n<meta property=\"og:site_name\" content=\"Wissenwecken Stiftung\" \/>\n<meta property=\"article:modified_time\" content=\"2022-10-20T20:01:30+00:00\" \/>\n<meta name=\"twitter:card\" content=\"summary_large_image\" \/>\n<meta name=\"twitter:label1\" content=\"Est. reading time\" \/>\n\t<meta name=\"twitter:data1\" content=\"4 minutes\" \/>\n<script type=\"application\/ld+json\" class=\"yoast-schema-graph\">{\"@context\":\"https:\/\/schema.org\",\"@graph\":[{\"@type\":\"WebPage\",\"@id\":\"https:\/\/www.stiftung-wissenwecken.org\/en\/hinweise-zum-datenschutz\/\",\"url\":\"https:\/\/www.stiftung-wissenwecken.org\/en\/hinweise-zum-datenschutz\/\",\"name\":\"Hinweise zum Datenschutz - Wissenwecken Stiftung\",\"isPartOf\":{\"@id\":\"https:\/\/www.stiftung-wissenwecken.org\/en\/#website\"},\"datePublished\":\"2021-09-24T07:05:49+00:00\",\"dateModified\":\"2022-10-20T20:01:30+00:00\",\"breadcrumb\":{\"@id\":\"https:\/\/www.stiftung-wissenwecken.org\/en\/hinweise-zum-datenschutz\/#breadcrumb\"},\"inLanguage\":\"en-US\",\"potentialAction\":[{\"@type\":\"ReadAction\",\"target\":[\"https:\/\/www.stiftung-wissenwecken.org\/en\/hinweise-zum-datenschutz\/\"]}]},{\"@type\":\"BreadcrumbList\",\"@id\":\"https:\/\/www.stiftung-wissenwecken.org\/en\/hinweise-zum-datenschutz\/#breadcrumb\",\"itemListElement\":[{\"@type\":\"ListItem\",\"position\":1,\"name\":\"Startseite\",\"item\":\"https:\/\/www.stiftung-wissenwecken.org\/en\/stiftung-wissenwecken-en\/\"},{\"@type\":\"ListItem\",\"position\":2,\"name\":\"Hinweise zum Datenschutz\"}]},{\"@type\":\"WebSite\",\"@id\":\"https:\/\/www.stiftung-wissenwecken.org\/en\/#website\",\"url\":\"https:\/\/www.stiftung-wissenwecken.org\/en\/\",\"name\":\"Wissenwecken Stiftung\",\"description\":\"Eine weitere WordPress-Website\",\"potentialAction\":[{\"@type\":\"SearchAction\",\"target\":{\"@type\":\"EntryPoint\",\"urlTemplate\":\"https:\/\/www.stiftung-wissenwecken.org\/en\/?s={search_term_string}\"},\"query-input\":{\"@type\":\"PropertyValueSpecification\",\"valueRequired\":true,\"valueName\":\"search_term_string\"}}],\"inLanguage\":\"en-US\"}]}<\/script>\n<!-- \/ Yoast SEO plugin. -->","yoast_head_json":{"title":"Hinweise zum Datenschutz - Wissenwecken Stiftung","robots":{"index":"index","follow":"follow","max-snippet":"max-snippet:-1","max-image-preview":"max-image-preview:large","max-video-preview":"max-video-preview:-1"},"canonical":"https:\/\/www.stiftung-wissenwecken.org\/en\/hinweise-zum-datenschutz\/","og_locale":"en_US","og_type":"article","og_title":"Hinweise zum Datenschutz - Wissenwecken Stiftung","og_url":"https:\/\/www.stiftung-wissenwecken.org\/en\/hinweise-zum-datenschutz\/","og_site_name":"Wissenwecken Stiftung","article_modified_time":"2022-10-20T20:01:30+00:00","twitter_card":"summary_large_image","twitter_misc":{"Est. reading time":"4 minutes"},"schema":{"@context":"https:\/\/schema.org","@graph":[{"@type":"WebPage","@id":"https:\/\/www.stiftung-wissenwecken.org\/en\/hinweise-zum-datenschutz\/","url":"https:\/\/www.stiftung-wissenwecken.org\/en\/hinweise-zum-datenschutz\/","name":"Hinweise zum Datenschutz - Wissenwecken Stiftung","isPartOf":{"@id":"https:\/\/www.stiftung-wissenwecken.org\/en\/#website"},"datePublished":"2021-09-24T07:05:49+00:00","dateModified":"2022-10-20T20:01:30+00:00","breadcrumb":{"@id":"https:\/\/www.stiftung-wissenwecken.org\/en\/hinweise-zum-datenschutz\/#breadcrumb"},"inLanguage":"en-US","potentialAction":[{"@type":"ReadAction","target":["https:\/\/www.stiftung-wissenwecken.org\/en\/hinweise-zum-datenschutz\/"]}]},{"@type":"BreadcrumbList","@id":"https:\/\/www.stiftung-wissenwecken.org\/en\/hinweise-zum-datenschutz\/#breadcrumb","itemListElement":[{"@type":"ListItem","position":1,"name":"Startseite","item":"https:\/\/www.stiftung-wissenwecken.org\/en\/stiftung-wissenwecken-en\/"},{"@type":"ListItem","position":2,"name":"Hinweise zum Datenschutz"}]},{"@type":"WebSite","@id":"https:\/\/www.stiftung-wissenwecken.org\/en\/#website","url":"https:\/\/www.stiftung-wissenwecken.org\/en\/","name":"Wissenwecken Stiftung","description":"Eine weitere WordPress-Website","potentialAction":[{"@type":"SearchAction","target":{"@type":"EntryPoint","urlTemplate":"https:\/\/www.stiftung-wissenwecken.org\/en\/?s={search_term_string}"},"query-input":{"@type":"PropertyValueSpecification","valueRequired":true,"valueName":"search_term_string"}}],"inLanguage":"en-US"}]}},"_links":{"self":[{"href":"https:\/\/www.stiftung-wissenwecken.org\/en\/wp-json\/wp\/v2\/pages\/3795","targetHints":{"allow":["GET"]}}],"collection":[{"href":"https:\/\/www.stiftung-wissenwecken.org\/en\/wp-json\/wp\/v2\/pages"}],"about":[{"href":"https:\/\/www.stiftung-wissenwecken.org\/en\/wp-json\/wp\/v2\/types\/page"}],"author":[{"embeddable":true,"href":"https:\/\/www.stiftung-wissenwecken.org\/en\/wp-json\/wp\/v2\/users\/1"}],"replies":[{"embeddable":true,"href":"https:\/\/www.stiftung-wissenwecken.org\/en\/wp-json\/wp\/v2\/comments?post=3795"}],"version-history":[{"count":3,"href":"https:\/\/www.stiftung-wissenwecken.org\/en\/wp-json\/wp\/v2\/pages\/3795\/revisions"}],"predecessor-version":[{"id":4972,"href":"https:\/\/www.stiftung-wissenwecken.org\/en\/wp-json\/wp\/v2\/pages\/3795\/revisions\/4972"}],"wp:attachment":[{"href":"https:\/\/www.stiftung-wissenwecken.org\/en\/wp-json\/wp\/v2\/media?parent=3795"}],"curies":[{"name":"wp","href":"https:\/\/api.w.org\/{rel}","templated":true}]}}